{"id":226,"date":"2022-10-31T13:16:53","date_gmt":"2022-10-31T13:16:53","guid":{"rendered":"https:\/\/hacklsabhof.at\/wordpress\/?page_id=226"},"modified":"2025-11-21T18:21:21","modified_gmt":"2025-11-21T18:21:21","slug":"geschenksideen","status":"publish","type":"page","link":"https:\/\/hacklsabhof.at\/wordpress\/index.php\/geschenksideen\/","title":{"rendered":"Geschenksideen"},"content":{"rendered":"\n<p class=\"has-text-align-center has-normal-font-size\"><\/p>\n\n\n\n<p class=\"has-text-align-center\">. <\/p>\n\n\n\n<h2 class=\"wp-block-heading\">Geschenkskistl <\/h2>\n\n\n\n<p>f\u00fcr jeden Anlass, gef\u00fcllt mit verschiedenen K\u00f6stlichkeiten schon ab 30\u20ac<\/p>\n\n\n\n<figure class=\"wp-block-image size-large\"><img loading=\"lazy\" decoding=\"async\" width=\"768\" height=\"1024\" src=\"https:\/\/hacklsabhof.at\/wordpress\/wp-content\/uploads\/2023\/03\/image_editor_output_image-1821397157-1678305233603.jpg\" alt=\"\" class=\"wp-image-401\" srcset=\"https:\/\/hacklsabhof.at\/wordpress\/wp-content\/uploads\/2023\/03\/image_editor_output_image-1821397157-1678305233603.jpg 768w, https:\/\/hacklsabhof.at\/wordpress\/wp-content\/uploads\/2023\/03\/image_editor_output_image-1821397157-1678305233603-225x300.jpg 225w\" sizes=\"auto, (max-width: 768px) 100vw, 768px\" \/><\/figure>\n\n\n\n<figure class=\"wp-block-image size-large\"><img loading=\"lazy\" decoding=\"async\" width=\"1011\" height=\"1024\" src=\"https:\/\/hacklsabhof.at\/wordpress\/wp-content\/uploads\/2023\/03\/IMG_20230223_095806_edit_2776767915200-1011x1024.jpg\" alt=\"\" class=\"wp-image-399\" srcset=\"https:\/\/hacklsabhof.at\/wordpress\/wp-content\/uploads\/2023\/03\/IMG_20230223_095806_edit_2776767915200-1011x1024.jpg 1011w, https:\/\/hacklsabhof.at\/wordpress\/wp-content\/uploads\/2023\/03\/IMG_20230223_095806_edit_2776767915200-296x300.jpg 296w, https:\/\/hacklsabhof.at\/wordpress\/wp-content\/uploads\/2023\/03\/IMG_20230223_095806_edit_2776767915200-768x778.jpg 768w, https:\/\/hacklsabhof.at\/wordpress\/wp-content\/uploads\/2023\/03\/IMG_20230223_095806_edit_2776767915200-1516x1536.jpg 1516w, https:\/\/hacklsabhof.at\/wordpress\/wp-content\/uploads\/2023\/03\/IMG_20230223_095806_edit_2776767915200-2021x2048.jpg 2021w, https:\/\/hacklsabhof.at\/wordpress\/wp-content\/uploads\/2023\/03\/IMG_20230223_095806_edit_2776767915200-1200x1216.jpg 1200w, https:\/\/hacklsabhof.at\/wordpress\/wp-content\/uploads\/2023\/03\/IMG_20230223_095806_edit_2776767915200-1980x2006.jpg 1980w\" sizes=\"auto, (max-width: 1011px) 100vw, 1011px\" \/><\/figure>\n\n\n\n<p><\/p>\n\n\n\n<figure class=\"wp-block-image size-large\"><img loading=\"lazy\" decoding=\"async\" width=\"1024\" height=\"1008\" src=\"https:\/\/hacklsabhof.at\/wordpress\/wp-content\/uploads\/2022\/10\/IMG_20220414_115645_resized_20221030_074915407-1024x1008.jpg\" alt=\"\" class=\"wp-image-267\" srcset=\"https:\/\/hacklsabhof.at\/wordpress\/wp-content\/uploads\/2022\/10\/IMG_20220414_115645_resized_20221030_074915407-1024x1008.jpg 1024w, https:\/\/hacklsabhof.at\/wordpress\/wp-content\/uploads\/2022\/10\/IMG_20220414_115645_resized_20221030_074915407-300x295.jpg 300w, https:\/\/hacklsabhof.at\/wordpress\/wp-content\/uploads\/2022\/10\/IMG_20220414_115645_resized_20221030_074915407-768x756.jpg 768w, https:\/\/hacklsabhof.at\/wordpress\/wp-content\/uploads\/2022\/10\/IMG_20220414_115645_resized_20221030_074915407-1536x1512.jpg 1536w, https:\/\/hacklsabhof.at\/wordpress\/wp-content\/uploads\/2022\/10\/IMG_20220414_115645_resized_20221030_074915407-2048x2016.jpg 2048w, https:\/\/hacklsabhof.at\/wordpress\/wp-content\/uploads\/2022\/10\/IMG_20220414_115645_resized_20221030_074915407-1200x1181.jpg 1200w, https:\/\/hacklsabhof.at\/wordpress\/wp-content\/uploads\/2022\/10\/IMG_20220414_115645_resized_20221030_074915407-1980x1949.jpg 1980w\" sizes=\"auto, (max-width: 1024px) 100vw, 1024px\" \/><\/figure>\n\n\n\n<figure class=\"wp-block-image\"><img loading=\"lazy\" decoding=\"async\" width=\"2560\" height=\"1232\" src=\"https:\/\/hacklsabhof.at\/wordpress\/wp-content\/uploads\/2022\/10\/IMG_20221029_195201_resized_20221030_074914557-scaled.jpg\" alt=\"\" class=\"wp-image-273\" srcset=\"https:\/\/hacklsabhof.at\/wordpress\/wp-content\/uploads\/2022\/10\/IMG_20221029_195201_resized_20221030_074914557-scaled.jpg 2560w, https:\/\/hacklsabhof.at\/wordpress\/wp-content\/uploads\/2022\/10\/IMG_20221029_195201_resized_20221030_074914557-300x144.jpg 300w, https:\/\/hacklsabhof.at\/wordpress\/wp-content\/uploads\/2022\/10\/IMG_20221029_195201_resized_20221030_074914557-1024x493.jpg 1024w, https:\/\/hacklsabhof.at\/wordpress\/wp-content\/uploads\/2022\/10\/IMG_20221029_195201_resized_20221030_074914557-768x370.jpg 768w, https:\/\/hacklsabhof.at\/wordpress\/wp-content\/uploads\/2022\/10\/IMG_20221029_195201_resized_20221030_074914557-1536x739.jpg 1536w, https:\/\/hacklsabhof.at\/wordpress\/wp-content\/uploads\/2022\/10\/IMG_20221029_195201_resized_20221030_074914557-2048x985.jpg 2048w, https:\/\/hacklsabhof.at\/wordpress\/wp-content\/uploads\/2022\/10\/IMG_20221029_195201_resized_20221030_074914557-1200x577.jpg 1200w, https:\/\/hacklsabhof.at\/wordpress\/wp-content\/uploads\/2022\/10\/IMG_20221029_195201_resized_20221030_074914557-1980x953.jpg 1980w\" sizes=\"auto, (max-width: 2560px) 100vw, 2560px\" \/><\/figure>\n\n\n\n<p class=\"has-text-align-center\"><\/p>\n\n\n\n<figure class=\"wp-block-video\"><\/figure>\n","protected":false},"excerpt":{"rendered":"<p>. Geschenkskistl f\u00fcr jeden Anlass, gef\u00fcllt mit verschiedenen K\u00f6stlichkeiten schon ab 30\u20ac<\/p>\n","protected":false},"author":1,"featured_media":0,"parent":0,"menu_order":0,"comment_status":"closed","ping_status":"closed","template":"templates\/template-full-width.php","meta":{"footnotes":""},"class_list":["post-226","page","type-page","status-publish","hentry"],"aioseo_notices":[],"_links":{"self":[{"href":"https:\/\/hacklsabhof.at\/wordpress\/index.php\/wp-json\/wp\/v2\/pages\/226","targetHints":{"allow":["GET"]}}],"collection":[{"href":"https:\/\/hacklsabhof.at\/wordpress\/index.php\/wp-json\/wp\/v2\/pages"}],"about":[{"href":"https:\/\/hacklsabhof.at\/wordpress\/index.php\/wp-json\/wp\/v2\/types\/page"}],"author":[{"embeddable":true,"href":"https:\/\/hacklsabhof.at\/wordpress\/index.php\/wp-json\/wp\/v2\/users\/1"}],"replies":[{"embeddable":true,"href":"https:\/\/hacklsabhof.at\/wordpress\/index.php\/wp-json\/wp\/v2\/comments?post=226"}],"version-history":[{"count":85,"href":"https:\/\/hacklsabhof.at\/wordpress\/index.php\/wp-json\/wp\/v2\/pages\/226\/revisions"}],"predecessor-version":[{"id":564,"href":"https:\/\/hacklsabhof.at\/wordpress\/index.php\/wp-json\/wp\/v2\/pages\/226\/revisions\/564"}],"wp:attachment":[{"href":"https:\/\/hacklsabhof.at\/wordpress\/index.php\/wp-json\/wp\/v2\/media?parent=226"}],"curies":[{"name":"wp","href":"https:\/\/api.w.org\/{rel}","templated":true}]}}